{"id":9,"date":"2022-09-24T01:06:10","date_gmt":"2022-09-24T01:06:10","guid":{"rendered":"https:\/\/electro.lv\/?page_id=9"},"modified":"2022-10-26T15:19:12","modified_gmt":"2022-10-26T15:19:12","slug":"products","status":"publish","type":"page","link":"https:\/\/electro.lv\/lv\/products\/","title":{"rendered":"Produkti"},"content":{"rendered":"<div data-elementor-type=\"wp-page\" data-elementor-id=\"9\" class=\"elementor elementor-9\">\n\t\t\t\t\t\t<section class=\"elementor-section elementor-top-section elementor-element elementor-element-0d5ae98 elementor-section-full_width elementor-section-height-default elementor-section-height-default\" data-id=\"0d5ae98\" data-element_type=\"section\" data-e-type=\"section\">\n\t\t\t\t\t\t<div class=\"elementor-container elementor-column-gap-default\">\n\t\t\t\t\t<div class=\"elementor-column elementor-col-100 elementor-top-column elementor-element elementor-element-b6c77c2\" data-id=\"b6c77c2\" data-element_type=\"column\" data-e-type=\"column\">\n\t\t\t<div class=\"elementor-widget-wrap elementor-element-populated\">\n\t\t\t\t\t\t<div class=\"elementor-element elementor-element-6911d44 elementor-widget elementor-widget-image\" data-id=\"6911d44\" data-element_type=\"widget\" data-e-type=\"widget\" data-widget_type=\"image.default\">\n\t\t\t\t<div class=\"elementor-widget-container\">\n\t\t\t\t\t\t\t\t\t\t\t\t\t\t\t<img fetchpriority=\"high\" decoding=\"async\" width=\"2000\" height=\"250\" src=\"https:\/\/electro.lv\/wp-content\/uploads\/2022\/09\/small-banner.jpg\" class=\"attachment-full size-full wp-image-99\" alt=\"\" srcset=\"https:\/\/electro.lv\/wp-content\/uploads\/2022\/09\/small-banner.jpg 2000w, https:\/\/electro.lv\/wp-content\/uploads\/2022\/09\/small-banner-300x38.jpg 300w, https:\/\/electro.lv\/wp-content\/uploads\/2022\/09\/small-banner-1024x128.jpg 1024w, https:\/\/electro.lv\/wp-content\/uploads\/2022\/09\/small-banner-768x96.jpg 768w, https:\/\/electro.lv\/wp-content\/uploads\/2022\/09\/small-banner-1536x192.jpg 1536w, https:\/\/electro.lv\/wp-content\/uploads\/2022\/09\/small-banner-600x75.jpg 600w\" sizes=\"(max-width: 2000px) 100vw, 2000px\" \/>\t\t\t\t\t\t\t\t\t\t\t\t\t\t\t<\/div>\n\t\t\t\t<\/div>\n\t\t\t\t\t<\/div>\n\t\t<\/div>\n\t\t\t\t\t<\/div>\n\t\t<\/section>\n\t\t\t\t<section class=\"elementor-section elementor-top-section elementor-element elementor-element-4541f19 elementor-section-boxed elementor-section-height-default elementor-section-height-default\" data-id=\"4541f19\" data-element_type=\"section\" data-e-type=\"section\">\n\t\t\t\t\t\t<div class=\"elementor-container elementor-column-gap-default\">\n\t\t\t\t\t<div class=\"elementor-column elementor-col-100 elementor-top-column elementor-element elementor-element-bd1ad01\" data-id=\"bd1ad01\" data-element_type=\"column\" data-e-type=\"column\">\n\t\t\t<div class=\"elementor-widget-wrap elementor-element-populated\">\n\t\t\t\t\t\t<div class=\"elementor-element elementor-element-47d5d82 elementor-widget elementor-widget-text-editor\" data-id=\"47d5d82\" data-element_type=\"widget\" data-e-type=\"widget\" data-widget_type=\"text-editor.default\">\n\t\t\t\t<div class=\"elementor-widget-container\">\n\t\t\t\t\t\t\t\t\t<p>\u0160eit j\u016bs atrad\u012bsies visus patreiz pieejamos Electro.lv produktus.<\/p>\t\t\t\t\t\t\t\t<\/div>\n\t\t\t\t<\/div>\n\t\t\t\t\t<\/div>\n\t\t<\/div>\n\t\t\t\t\t<\/div>\n\t\t<\/section>\n\t\t\t\t<section class=\"elementor-section elementor-top-section elementor-element elementor-element-b32505e elementor-section-boxed elementor-section-height-default elementor-section-height-default\" data-id=\"b32505e\" data-element_type=\"section\" data-e-type=\"section\">\n\t\t\t\t\t\t<div class=\"elementor-container elementor-column-gap-default\">\n\t\t\t\t\t<div class=\"elementor-column elementor-col-100 elementor-top-column elementor-element elementor-element-396df25\" data-id=\"396df25\" data-element_type=\"column\" data-e-type=\"column\">\n\t\t\t<div class=\"elementor-widget-wrap elementor-element-populated\">\n\t\t\t\t\t\t<div class=\"elementor-element elementor-element-81a3fe9 elementor-widget elementor-widget-heading\" data-id=\"81a3fe9\" data-element_type=\"widget\" data-e-type=\"widget\" data-widget_type=\"heading.default\">\n\t\t\t\t<div class=\"elementor-widget-container\">\n\t\t\t\t\t<h2 class=\"elementor-heading-title elementor-size-default\">Izv\u0113lieties Produktu Kategoriju<\/h2>\t\t\t\t<\/div>\n\t\t\t\t<\/div>\n\t\t\t\t\t<\/div>\n\t\t<\/div>\n\t\t\t\t\t<\/div>\n\t\t<\/section>\n\t\t\t\t<section class=\"elementor-section elementor-top-section elementor-element elementor-element-00d0f16 elementor-section-boxed elementor-section-height-default elementor-section-height-default\" data-id=\"00d0f16\" data-element_type=\"section\" data-e-type=\"section\">\n\t\t\t\t\t\t<div class=\"elementor-container elementor-column-gap-default\">\n\t\t\t\t\t<div class=\"elementor-column elementor-col-100 elementor-top-column elementor-element elementor-element-96e64d8\" data-id=\"96e64d8\" data-element_type=\"column\" data-e-type=\"column\">\n\t\t\t<div class=\"elementor-widget-wrap elementor-element-populated\">\n\t\t\t\t\t\t<div class=\"elementor-element elementor-element-cf60dd6 elementor-grid-4 elementor-grid-tablet-3 elementor-grid-mobile-2 elementor-products-grid elementor-wc-products elementor-widget elementor-widget-wc-categories\" data-id=\"cf60dd6\" data-element_type=\"widget\" data-e-type=\"widget\" data-widget_type=\"wc-categories.default\">\n\t\t\t\t<div class=\"elementor-widget-container\">\n\t\t\t\t\t<div class=\"woocommerce columns-4\"><ul class=\"products elementor-grid columns-4\">\n<li class=\"product-category product first\">\n\t<a aria-label=\"Visit product category EV charging stations\" href=\"https:\/\/electro.lv\/lv\/produkta-kategorija\/ev-charging-stations\/\" data-no-translation-aria-label=\"\"><img decoding=\"async\" src=\"https:\/\/electro.lv\/wp-content\/uploads\/2022\/09\/E-CHC001_800x-300x300.webp\" alt=\"EV charging stations\" width=\"300\" height=\"300\" \/>\t\t<h2 class=\"woocommerce-loop-category__title\">\n\t\t\tEV charging stations<mark class=\"count\">2 Products<\/mark>\t\t<\/h2>\n\t\t<\/a><\/li>\n<li class=\"product-category product\">\n\t<a aria-label=\"Visit product category Solar power solutions\" href=\"https:\/\/electro.lv\/lv\/produkta-kategorija\/solar-power-solutions\/\" data-no-translation-aria-label=\"\"><img decoding=\"async\" src=\"https:\/\/electro.lv\/wp-content\/uploads\/2022\/09\/solar_category-1-300x300.png\" alt=\"Solar power solutions\" width=\"300\" height=\"300\" \/>\t\t<h2 class=\"woocommerce-loop-category__title\">\n\t\t\tSolar power solutions<mark class=\"count\">2 Products<\/mark>\t\t<\/h2>\n\t\t<\/a><\/li>\n<li class=\"product-category product\">\n\t<a aria-label=\"Visit product category Controllers\" href=\"https:\/\/electro.lv\/lv\/produkta-kategorija\/controllers\/\" data-no-translation-aria-label=\"\"><img loading=\"lazy\" decoding=\"async\" src=\"https:\/\/electro.lv\/wp-content\/uploads\/2022\/10\/controllers-300x300.png\" alt=\"Controllers\" width=\"300\" height=\"300\" \/>\t\t<h2 class=\"woocommerce-loop-category__title\">\n\t\t\tControllers<mark class=\"count\">1 Product<\/mark>\t\t<\/h2>\n\t\t<\/a><\/li>\n<li class=\"product-category product last\">\n\t<a aria-label=\"Visit product category Uncategorized\" href=\"https:\/\/electro.lv\/lv\/produkta-kategorija\/uncategorized\/\" data-no-translation-aria-label=\"\"><img loading=\"lazy\" decoding=\"async\" src=\"https:\/\/electro.lv\/wp-content\/uploads\/woocommerce-placeholder-300x300.png\" alt=\"Uncategorized\" width=\"300\" height=\"300\" \/>\t\t<h2 class=\"woocommerce-loop-category__title\">\n\t\t\tUncategorized\t\t<\/h2>\n\t\t<\/a><\/li>\n<\/ul>\n<\/div>\t\t\t\t<\/div>\n\t\t\t\t<\/div>\n\t\t\t\t\t<\/div>\n\t\t<\/div>\n\t\t\t\t\t<\/div>\n\t\t<\/section>\n\t\t\t\t<\/div>","protected":false},"excerpt":{"rendered":"<p>Here you can find all the Electro.lv products currently available. Select Products Category<\/p>","protected":false},"author":1,"featured_media":0,"parent":0,"menu_order":0,"comment_status":"closed","ping_status":"closed","template":"","meta":{"site-sidebar-layout":"no-sidebar","site-content-layout":"page-builder","ast-global-header-display":"","ast-banner-title-visibility":"","ast-main-header-display":"","ast-hfb-above-header-display":"","ast-hfb-below-header-display":"","ast-hfb-mobile-header-display":"","site-post-title":"disabled","ast-breadcrumbs-content":"","ast-featured-img":"disabled","footer-sml-layout":"","theme-transparent-header-meta":"","adv-header-id-meta":"","stick-header-meta":"","header-above-stick-meta":"","header-main-stick-meta":"","header-below-stick-meta":"","footnotes":""},"class_list":["post-9","page","type-page","status-publish","hentry"],"_links":{"self":[{"href":"https:\/\/electro.lv\/lv\/wp-json\/wp\/v2\/pages\/9","targetHints":{"allow":["GET"]}}],"collection":[{"href":"https:\/\/electro.lv\/lv\/wp-json\/wp\/v2\/pages"}],"about":[{"href":"https:\/\/electro.lv\/lv\/wp-json\/wp\/v2\/types\/page"}],"author":[{"embeddable":true,"href":"https:\/\/electro.lv\/lv\/wp-json\/wp\/v2\/users\/1"}],"replies":[{"embeddable":true,"href":"https:\/\/electro.lv\/lv\/wp-json\/wp\/v2\/comments?post=9"}],"version-history":[{"count":28,"href":"https:\/\/electro.lv\/lv\/wp-json\/wp\/v2\/pages\/9\/revisions"}],"predecessor-version":[{"id":415,"href":"https:\/\/electro.lv\/lv\/wp-json\/wp\/v2\/pages\/9\/revisions\/415"}],"wp:attachment":[{"href":"https:\/\/electro.lv\/lv\/wp-json\/wp\/v2\/media?parent=9"}],"curies":[{"name":"wp","href":"https:\/\/api.w.org\/{rel}","templated":true}]}}