{"id":281,"date":"2022-09-28T08:39:19","date_gmt":"2022-09-28T08:39:19","guid":{"rendered":"https:\/\/electro.lv\/?post_type=product&#038;p=281"},"modified":"2023-07-21T15:45:09","modified_gmt":"2023-07-21T12:45:09","slug":"ash-node","status":"publish","type":"product","link":"https:\/\/electro.lv\/lv\/products\/ash-node\/","title":{"rendered":"ASH Node &#8211; Nordpool bir\u017eas kontrolieris"},"content":{"rendered":"<p>Iek\u0101rta paredz\u0113ta &#8220;lielo&#8221; pat\u0113r\u0113t\u0101ju (apkures, \u016bdens sild\u012bt\u0101ju, industri\u0101lu iek\u0101rtu) vad\u012bbai izejot no elektr\u012bbas bi\u017eas cenas.<\/p>\n<p>Iek\u0101rtas nomas maksa no \u20ac 20 m\u0113nes\u012b.<\/p>\n<p><img fetchpriority=\"high\" decoding=\"async\" class=\"alignnone size-full wp-image-447\" src=\"https:\/\/electro.lv\/wp-content\/uploads\/2022\/09\/rekini.jpg\" alt=\"\" width=\"794\" height=\"1123\" srcset=\"https:\/\/electro.lv\/wp-content\/uploads\/2022\/09\/rekini.jpg 794w, https:\/\/electro.lv\/wp-content\/uploads\/2022\/09\/rekini-212x300.jpg 212w, https:\/\/electro.lv\/wp-content\/uploads\/2022\/09\/rekini-724x1024.jpg 724w, https:\/\/electro.lv\/wp-content\/uploads\/2022\/09\/rekini-768x1086.jpg 768w, https:\/\/electro.lv\/wp-content\/uploads\/2022\/09\/rekini-8x12.jpg 8w, https:\/\/electro.lv\/wp-content\/uploads\/2022\/09\/rekini-600x849.jpg 600w\" sizes=\"(max-width: 794px) 100vw, 794px\" \/><\/p>\n<p><img decoding=\"async\" class=\"alignnone size-full wp-image-448\" src=\"https:\/\/electro.lv\/wp-content\/uploads\/2022\/09\/pieslegumi.jpg\" alt=\"\" width=\"794\" height=\"1123\" srcset=\"https:\/\/electro.lv\/wp-content\/uploads\/2022\/09\/pieslegumi.jpg 794w, https:\/\/electro.lv\/wp-content\/uploads\/2022\/09\/pieslegumi-212x300.jpg 212w, https:\/\/electro.lv\/wp-content\/uploads\/2022\/09\/pieslegumi-724x1024.jpg 724w, https:\/\/electro.lv\/wp-content\/uploads\/2022\/09\/pieslegumi-768x1086.jpg 768w, https:\/\/electro.lv\/wp-content\/uploads\/2022\/09\/pieslegumi-8x12.jpg 8w, https:\/\/electro.lv\/wp-content\/uploads\/2022\/09\/pieslegumi-600x849.jpg 600w\" sizes=\"(max-width: 794px) 100vw, 794px\" \/><\/p>","protected":false},"excerpt":{"rendered":"<p>Iek\u0101rta paredz\u0113ta &#8220;lielo&#8221; pat\u0113r\u0113t\u0101ju (apkures, \u016bdens sild\u012bt\u0101ju, industri\u0101lu iek\u0101rtu) vad\u012bbai izejot no elektr\u012bbas bi\u017eas cenas. Iek\u0101rtas nomas maksa no \u20ac 20 m\u0113nes\u012b.<\/p>","protected":false},"featured_media":443,"template":"","meta":{"site-sidebar-layout":"default","site-content-layout":"default","ast-global-header-display":"","ast-banner-title-visibility":"","ast-main-header-display":"","ast-hfb-above-header-display":"","ast-hfb-below-header-display":"","ast-hfb-mobile-header-display":"","site-post-title":"","ast-breadcrumbs-content":"","ast-featured-img":"","footer-sml-layout":"","theme-transparent-header-meta":"default","adv-header-id-meta":"","stick-header-meta":"","header-above-stick-meta":"","header-main-stick-meta":"","header-below-stick-meta":""},"product_brand":[],"product_cat":[21],"product_tag":[],"class_list":{"0":"post-281","1":"product","2":"type-product","3":"status-publish","4":"has-post-thumbnail","6":"product_cat-controllers","7":"desktop-align-left","8":"tablet-align-left","9":"mobile-align-left","11":"first","12":"instock","13":"featured","14":"shipping-taxable","15":"product-type-simple"},"_links":{"self":[{"href":"https:\/\/electro.lv\/lv\/wp-json\/wp\/v2\/product\/281","targetHints":{"allow":["GET"]}}],"collection":[{"href":"https:\/\/electro.lv\/lv\/wp-json\/wp\/v2\/product"}],"about":[{"href":"https:\/\/electro.lv\/lv\/wp-json\/wp\/v2\/types\/product"}],"wp:featuredmedia":[{"embeddable":true,"href":"https:\/\/electro.lv\/lv\/wp-json\/wp\/v2\/media\/443"}],"wp:attachment":[{"href":"https:\/\/electro.lv\/lv\/wp-json\/wp\/v2\/media?parent=281"}],"wp:term":[{"taxonomy":"product_brand","embeddable":true,"href":"https:\/\/electro.lv\/lv\/wp-json\/wp\/v2\/product_brand?post=281"},{"taxonomy":"product_cat","embeddable":true,"href":"https:\/\/electro.lv\/lv\/wp-json\/wp\/v2\/product_cat?post=281"},{"taxonomy":"product_tag","embeddable":true,"href":"https:\/\/electro.lv\/lv\/wp-json\/wp\/v2\/product_tag?post=281"}],"curies":[{"name":"wp","href":"https:\/\/api.w.org\/{rel}","templated":true}]}}